{"id":10,"date":"2023-06-26T13:08:48","date_gmt":"2023-06-26T13:08:48","guid":{"rendered":"https:\/\/podologie-aebi.ch.avogadro.sui-inter.net\/?page_id=10"},"modified":"2026-03-31T05:17:01","modified_gmt":"2026-03-31T05:17:01","slug":"10-2","status":"publish","type":"page","link":"https:\/\/podologie-aebi.ch\/","title":{"rendered":"Startseite"},"content":{"rendered":"<p>[et_pb_section fb_built=&#8220;1&#8243; admin_label=&#8220;Sektion&#8220; _builder_version=&#8220;4.20.2&#8243; _module_preset=&#8220;default&#8220; background_color=&#8220;#fecb6d&#8220; background_enable_mask_style=&#8220;on&#8220; background_mask_style=&#8220;arch&#8220; global_colors_info=&#8220;{}&#8220;][et_pb_row column_structure=&#8220;1_2,1_2&#8243; admin_label=&#8220;Zeile&#8220; _builder_version=&#8220;4.20.2&#8243; _module_preset=&#8220;default&#8220; custom_padding=&#8220;||2px|||&#8220; global_colors_info=&#8220;{}&#8220;][et_pb_column type=&#8220;1_2&#8243; admin_label=&#8220;Spalte&#8220; _builder_version=&#8220;4.20.2&#8243; _module_preset=&#8220;default&#8220; global_colors_info=&#8220;{}&#8220;][et_pb_image src=&#8220;https:\/\/podologie-aebi.ch\/wp-content\/uploads\/2023\/06\/aebi_logo.png&#8220; title_text=&#8220;aebi_logo&#8220; _builder_version=&#8220;4.20.2&#8243; _module_preset=&#8220;default&#8220; max_height=&#8220;229px&#8220; global_colors_info=&#8220;{}&#8220;][\/et_pb_image][\/et_pb_column][et_pb_column type=&#8220;1_2&#8243; admin_label=&#8220;Spalte&#8220; _builder_version=&#8220;4.20.2&#8243; _module_preset=&#8220;default&#8220; global_colors_info=&#8220;{}&#8220;][et_pb_divider show_divider=&#8220;off&#8220; _builder_version=&#8220;4.20.2&#8243; _module_preset=&#8220;default&#8220; custom_margin=&#8220;90px||||false|false&#8220; global_colors_info=&#8220;{}&#8220;][\/et_pb_divider][et_pb_text _builder_version=&#8220;4.20.2&#8243; _module_preset=&#8220;default&#8220; inline_fonts=&#8220;Kalam&#8220; global_colors_info=&#8220;{}&#8220;]<\/p>\n<h2 style=\"text-align: right;\"><span style=\"font-family: Lato;\">Fachkompetenz f\u00fcr Ihre Fussgesundheit!<\/span><\/h2>\n<p>[\/et_pb_text][\/et_pb_column][\/et_pb_row][et_pb_row column_structure=&#8220;1_2,1_2&#8243; _builder_version=&#8220;4.20.2&#8243; _module_preset=&#8220;default&#8220; global_colors_info=&#8220;{}&#8220;][et_pb_column type=&#8220;1_2&#8243; admin_label=&#8220;Spalte&#8220; _builder_version=&#8220;4.20.2&#8243; _module_preset=&#8220;default&#8220; global_colors_info=&#8220;{}&#8220;][et_pb_text _builder_version=&#8220;4.20.2&#8243; _module_preset=&#8220;default&#8220; inline_fonts=&#8220;Kalam,Kosugi Maru,Lato&#8220; global_colors_info=&#8220;{}&#8220;]<\/p>\n<p>Regula Aebi<br \/>Podologin EFZ \/ Betriebs\u00f6konomin HF<\/p>\n<p>[\/et_pb_text][\/et_pb_column][et_pb_column type=&#8220;1_2&#8243; _builder_version=&#8220;4.20.2&#8243; _module_preset=&#8220;default&#8220; global_colors_info=&#8220;{}&#8220;][\/et_pb_column][\/et_pb_row][\/et_pb_section][et_pb_section fb_built=&#8220;1&#8243; admin_label=&#8220;Sektion&#8220; _builder_version=&#8220;4.20.2&#8243; _module_preset=&#8220;default&#8220; background_color=&#8220;#2b5a8c&#8220; global_colors_info=&#8220;{}&#8220;][et_pb_row _builder_version=&#8220;4.20.2&#8243; _module_preset=&#8220;default&#8220; global_colors_info=&#8220;{}&#8220;][et_pb_column type=&#8220;4_4&#8243; _builder_version=&#8220;4.20.2&#8243; _module_preset=&#8220;default&#8220; global_colors_info=&#8220;{}&#8220;][et_pb_text _builder_version=&#8220;4.27.4&#8243; _module_preset=&#8220;default&#8220; text_text_color=&#8220;#FFFFFF&#8220; header_2_text_color=&#8220;#FFFFFF&#8220; background_color=&#8220;#2b5a8c&#8220; hover_enabled=&#8220;0&#8243; inline_fonts=&#8220;Lato&#8220; global_colors_info=&#8220;{}&#8220; sticky_enabled=&#8220;0&#8243;]<\/p>\n<h2><span style=\"font-family: Lato; font-weight: normal; color: #ffffff;\">Herzlich willkommen<\/span><\/h2>\n<div>\n<p>Ich freue mich, Sie in meiner modernen Podologie-Praxis begr\u00fcssen zu d\u00fcrfen, wo Ihre Fussgesundheit im Mittelpunkt steht. Als erfahrene \u00a0Podologin bin ich darauf spezialisiert, Ihnen eine professionelle Fusspflege und &#8211; behandlung von h\u00f6chster G\u00fcte zu bieten.<\/p>\n<p>In meiner Praxis erwartet Sie eine angenehme und entspannte Atmosph\u00e4re, in der Sie sich wohl f\u00fchlen k\u00f6nnen. Ich lege grossen Wert auf eine individuelle Betreuung und nehme mir die Zeit, um auf Ihre Bed\u00fcrfnisse einzugehen und die massgeschneiderte Behandlung zu finden.<\/p>\n<p>Entdecken Sie, wie ich Ihnen helfen kann, Ihre Fussgesundheit zu verbessern und ein aktives schmerzfreies Leben zu f\u00fchren. Vereinbaren Sie noch heute einen Termin und lassen Sie uns gemeinsam f\u00fcr das Wohl Ihrer F\u00fcsse sorgen!<\/p>\n<p>Ich freue mich darauf, Sie bald pers\u00f6nlich kennen zu lernen.<\/p>\n<p>Ihre Regula Aebi<\/p>\n<p>Die Praxis ist von Montag bis Donnerstag ge\u00f6ffnet und bleibt am Freitag geschlossen. Termine erhalten Sie nach Vereinbarung unter der\u00a0 Tel. Nr.\u00a0 077 522 87 37.<span style=\"font-size: 14px;\">\u00a0<\/span><\/p>\n<h2>Aktuelles<span style=\"font-size: 14px;\"><\/span><\/h2>\n<p>Die Praxis bleibt wie folgt geschlossen:<br \/>&#8211; 30.03.2026 bis und mit 06.04.2026<br \/>&#8211; 20.04.2026 bis und mit 26.04.2026<\/p>\n<p><span style=\"font-size: 14px;\"><\/span><\/p>\n<\/div>\n<p>[\/et_pb_text][\/et_pb_column][\/et_pb_row][\/et_pb_section][et_pb_section fb_built=&#8220;1&#8243; _builder_version=&#8220;4.20.2&#8243; _module_preset=&#8220;default&#8220; background_color=&#8220;#fecb6d&#8220; background_enable_mask_style=&#8220;on&#8220; background_mask_style=&#8220;arch&#8220; background_mask_transform=&#8220;flip_horizontal&#8220; custom_padding=&#8220;||4px|||&#8220; global_colors_info=&#8220;{}&#8220;][et_pb_row column_structure=&#8220;1_2,1_2&#8243; _builder_version=&#8220;4.20.2&#8243; _module_preset=&#8220;default&#8220; global_colors_info=&#8220;{}&#8220;][et_pb_column type=&#8220;1_2&#8243; _builder_version=&#8220;4.20.2&#8243; _module_preset=&#8220;default&#8220; global_colors_info=&#8220;{}&#8220;][et_pb_code _builder_version=&#8220;4.20.2&#8243; _module_preset=&#8220;default&#8220; global_colors_info=&#8220;{}&#8220;]<iframe loading=\"lazy\" width=\"560\" height=\"315\" src=\"https:\/\/www.srf.ch\/play\/embed?urn=urn:srf:audio:994c3cb6-e9c4-433e-9fe3-950e3b89bee1&#038;subdivisions=false\" allowfullscreen allow=\"geolocation *; autoplay; encrypted-media\"><\/iframe>[\/et_pb_code][\/et_pb_column][et_pb_column type=&#8220;1_2&#8243; _builder_version=&#8220;4.20.2&#8243; _module_preset=&#8220;default&#8220; global_colors_info=&#8220;{}&#8220;][et_pb_image src=&#8220;https:\/\/podologie-aebi.ch\/wp-content\/uploads\/2023\/10\/srf-artikel-1.jpg&#8220; title_text=&#8220;srf-artikel-1&#8243; url=&#8220;https:\/\/www.srf.ch\/sendungen\/kassensturz-espresso\/als-grufti-id-stifti\/als-grufti-id-stifti-von-der-personalmanagerin-zur-podologin&#8220; url_new_window=&#8220;on&#8220; _builder_version=&#8220;4.27.4&#8243; _module_preset=&#8220;default&#8220; global_colors_info=&#8220;{}&#8220;][\/et_pb_image][\/et_pb_column][\/et_pb_row][\/et_pb_section][et_pb_section fb_built=&#8220;1&#8243; _builder_version=&#8220;4.20.2&#8243; _module_preset=&#8220;default&#8220; background_color=&#8220;#2b5a8c&#8220; global_colors_info=&#8220;{}&#8220;][et_pb_row admin_label=&#8220;Zeile&#8220; _builder_version=&#8220;4.20.2&#8243; _module_preset=&#8220;default&#8220; global_colors_info=&#8220;{}&#8220;][et_pb_column type=&#8220;4_4&#8243; _builder_version=&#8220;4.20.2&#8243; _module_preset=&#8220;default&#8220; global_colors_info=&#8220;{}&#8220;][et_pb_text _builder_version=&#8220;4.20.2&#8243; _module_preset=&#8220;default&#8220; text_text_color=&#8220;#FFFFFF&#8220; global_colors_info=&#8220;{}&#8220;]<\/p>\n<h3><span style=\"font-family: Lato; font-weight: normal; color: #ffffff;\">Hier finden Sie mich<\/span><\/h3>\n<p>Meine Praxis befindet sich 2 Gehminuten vom Bahnhof entfernt, im 2. Stock und der Zutritt ist rollstuhlgerecht. Einen reservierten Kundenparkplatz (Nr. 14) \u00a0finden Sie links neben dem Haupteingang.<\/p>\n<p>Die Praxis ist von Montag bis Donnerstag ge\u00f6ffnet und bleibt am Freitag geschlossen. Termine bitte telefonisch vereinbaren.<\/p>\n<p>Podologie Aebi<br \/>Regula Aebi<br \/>Bahnhofstrasse 37<br \/>3427 Utzenstorf<br \/>+41 77 522 87 37<br \/><span style=\"color: #ffffff;\"><a href=\"mailto:podologie.aebi@bluewin.ch\" style=\"color: #ffffff;\">podologie.aebi@bluewin.ch<\/a><\/span><\/p>\n<p>[\/et_pb_text][\/et_pb_column][\/et_pb_row][et_pb_row _builder_version=&#8220;4.20.2&#8243; _module_preset=&#8220;default&#8220; global_colors_info=&#8220;{}&#8220;][et_pb_column type=&#8220;4_4&#8243; _builder_version=&#8220;4.20.2&#8243; _module_preset=&#8220;default&#8220; global_colors_info=&#8220;{}&#8220;][dsm_embed_google_map address=&#8220;Bahnhofstr. 37, 3427 Utzenstorf&#8220; zoom=&#8220;16&#8243; _builder_version=&#8220;4.20.2&#8243; _module_preset=&#8220;default&#8220; global_colors_info=&#8220;{}&#8220;][\/dsm_embed_google_map][\/et_pb_column][\/et_pb_row][\/et_pb_section][et_pb_section fb_built=&#8220;1&#8243; admin_label=&#8220;Sektion&#8220; _builder_version=&#8220;4.20.2&#8243; _module_preset=&#8220;default&#8220; custom_padding=&#8220;6px|||||&#8220; global_colors_info=&#8220;{}&#8220;][et_pb_row column_structure=&#8220;1_3,1_3,1_3&#8243; _builder_version=&#8220;4.20.2&#8243; _module_preset=&#8220;default&#8220; custom_padding=&#8220;0px|||||&#8220; global_colors_info=&#8220;{}&#8220;][et_pb_column type=&#8220;1_3&#8243; _builder_version=&#8220;4.20.2&#8243; _module_preset=&#8220;default&#8220; global_colors_info=&#8220;{}&#8220;][\/et_pb_column][et_pb_column type=&#8220;1_3&#8243; _builder_version=&#8220;4.20.2&#8243; _module_preset=&#8220;default&#8220; global_colors_info=&#8220;{}&#8220;][\/et_pb_column][et_pb_column type=&#8220;1_3&#8243; _builder_version=&#8220;4.20.2&#8243; _module_preset=&#8220;default&#8220; global_colors_info=&#8220;{}&#8220;][et_pb_text _builder_version=&#8220;4.20.2&#8243; _module_preset=&#8220;default&#8220; custom_margin=&#8220;||-1px|||&#8220; global_colors_info=&#8220;{}&#8220;]<\/p>\n<p>Mitglied bei:<\/p>\n<p>[\/et_pb_text][et_pb_image src=&#8220;https:\/\/podologie-aebi.ch\/wp-content\/uploads\/2023\/10\/verein-podologie.jpg&#8220; title_text=&#8220;verein-podologie&#8220; url=&#8220;https:\/\/podologie-efz-verein.ch&#8220; url_new_window=&#8220;on&#8220; _builder_version=&#8220;4.20.2&#8243; _module_preset=&#8220;default&#8220; global_colors_info=&#8220;{}&#8220;][\/et_pb_image][\/et_pb_column][\/et_pb_row][\/et_pb_section]<\/p>\n","protected":false},"excerpt":{"rendered":"<p>Fachkompetenz f\u00fcr Ihre Fussgesundheit!Regula AebiPodologin EFZ \/ Betriebs\u00f6konomin HFHerzlich willkommen Ich freue mich, Sie in meiner modernen Podologie-Praxis begr\u00fcssen zu d\u00fcrfen, wo Ihre Fussgesundheit im Mittelpunkt steht. Als erfahrene \u00a0Podologin bin ich darauf spezialisiert, Ihnen eine professionelle Fusspflege und &#8211; behandlung von h\u00f6chster G\u00fcte zu bieten. In meiner Praxis erwartet Sie eine angenehme und entspannte Atmosph\u00e4re, in der Sie sich wohl f\u00fchlen k\u00f6nnen. Ich lege grossen Wert auf eine individuelle Betreuung und nehme mir die Zeit, um auf Ihre Bed\u00fcrfnisse einzugehen und die massgeschneiderte Behandlung zu finden. Entdecken Sie, wie ich Ihnen helfen kann, Ihre Fussgesundheit zu verbessern und ein aktives schmerzfreies Leben zu f\u00fchren. Vereinbaren Sie noch heute einen Termin und lassen Sie uns gemeinsam f\u00fcr das Wohl Ihrer F\u00fcsse sorgen! Ich freue mich darauf, Sie bald pers\u00f6nlich kennen zu lernen. Ihre Regula Aebi Die Praxis ist von Montag bis Donnerstag ge\u00f6ffnet und bleibt am Freitag geschlossen. Termine erhalten Sie nach Vereinbarung unter der\u00a0 Tel. Nr.\u00a0 077 522 87 37.\u00a0 Aktuelles Die Praxis bleibt wie folgt geschlossen:- 30.03.2026 bis und mit 06.04.2026- 20.04.2026 bis und mit 26.04.2026 Hier finden Sie mich Meine Praxis befindet sich 2 Gehminuten vom Bahnhof entfernt, im 2. Stock und der Zutritt ist rollstuhlgerecht. Einen [&hellip;]<\/p>\n","protected":false},"author":1,"featured_media":0,"parent":0,"menu_order":0,"comment_status":"closed","ping_status":"closed","template":"","meta":{"_et_pb_use_builder":"on","_et_pb_old_content":"","_et_gb_content_width":"","footnotes":""},"class_list":["post-10","page","type-page","status-publish","hentry"],"_links":{"self":[{"href":"https:\/\/podologie-aebi.ch\/index.php?rest_route=\/wp\/v2\/pages\/10","targetHints":{"allow":["GET"]}}],"collection":[{"href":"https:\/\/podologie-aebi.ch\/index.php?rest_route=\/wp\/v2\/pages"}],"about":[{"href":"https:\/\/podologie-aebi.ch\/index.php?rest_route=\/wp\/v2\/types\/page"}],"author":[{"embeddable":true,"href":"https:\/\/podologie-aebi.ch\/index.php?rest_route=\/wp\/v2\/users\/1"}],"replies":[{"embeddable":true,"href":"https:\/\/podologie-aebi.ch\/index.php?rest_route=%2Fwp%2Fv2%2Fcomments&post=10"}],"version-history":[{"count":35,"href":"https:\/\/podologie-aebi.ch\/index.php?rest_route=\/wp\/v2\/pages\/10\/revisions"}],"predecessor-version":[{"id":144,"href":"https:\/\/podologie-aebi.ch\/index.php?rest_route=\/wp\/v2\/pages\/10\/revisions\/144"}],"wp:attachment":[{"href":"https:\/\/podologie-aebi.ch\/index.php?rest_route=%2Fwp%2Fv2%2Fmedia&parent=10"}],"curies":[{"name":"wp","href":"https:\/\/api.w.org\/{rel}","templated":true}]}}